{"id":2329,"date":"2023-10-22T18:02:19","date_gmt":"2023-10-22T15:02:19","guid":{"rendered":"https:\/\/izmirkaravantuvalet.com\/?page_id=2329"},"modified":"2023-10-22T18:11:29","modified_gmt":"2023-10-22T15:11:29","slug":"iletisim","status":"publish","type":"page","link":"https:\/\/izmirkaravantuvalet.com\/index.php\/iletisim\/","title":{"rendered":"\u0130LET\u0130\u015e\u0130M"},"content":{"rendered":"\t\t<div data-elementor-type=\"wp-page\" data-elementor-id=\"2329\" class=\"elementor elementor-2329\">\n\t\t\t\t<div class=\"elementor-element elementor-element-8d59de8 e-flex e-con-boxed e-con e-parent\" data-id=\"8d59de8\" data-element_type=\"container\">\n\t\t\t\t\t<div class=\"e-con-inner\">\n\t\t\t\t<div class=\"elementor-element elementor-element-cf9b059 elementor-widget-divider--view-line_text elementor-widget-divider--element-align-center elementor-widget elementor-widget-divider\" data-id=\"cf9b059\" data-element_type=\"widget\" data-widget_type=\"divider.default\">\n\t\t\t\t<div class=\"elementor-widget-container\">\n\t\t\t\t\t\t\t<div class=\"elementor-divider\">\n\t\t\t<span class=\"elementor-divider-separator\">\n\t\t\t\t\t\t\t<span class=\"elementor-divider__text elementor-divider__element\">\n\t\t\t\tSecretFloor \t\t\t\t<\/span>\n\t\t\t\t\t\t<\/span>\n\t\t<\/div>\n\t\t\t\t\t\t<\/div>\n\t\t\t\t<\/div>\n\t\t\t\t\t<\/div>\n\t\t\t\t<\/div>\n\t\t<div class=\"elementor-element elementor-element-3898aee e-flex e-con-boxed e-con e-parent\" data-id=\"3898aee\" data-element_type=\"container\">\n\t\t\t\t\t<div class=\"e-con-inner\">\n\t\t\t\t<div class=\"elementor-element elementor-element-52486b5 elementor-widget__width-inherit elementor-widget elementor-widget-heading\" data-id=\"52486b5\" data-element_type=\"widget\" data-widget_type=\"heading.default\">\n\t\t\t\t<div class=\"elementor-widget-container\">\n\t\t\t\t\t<h1 class=\"elementor-heading-title elementor-size-xxl\"><h2 style=\"font-style: normal;text-align: center\">B\u0130ZE ULA\u015eIN<\/h2><\/h1>\t\t\t\t<\/div>\n\t\t\t\t<\/div>\n\t\t\t\t\t<\/div>\n\t\t\t\t<\/div>\n\t\t<div class=\"elementor-element elementor-element-85467f4 e-flex e-con-boxed e-con e-parent\" data-id=\"85467f4\" data-element_type=\"container\">\n\t\t\t\t\t<div class=\"e-con-inner\">\n\t\t\t\t<div class=\"elementor-element elementor-element-4d35636 elementor-widget elementor-widget-text-editor\" data-id=\"4d35636\" data-element_type=\"widget\" data-widget_type=\"text-editor.default\">\n\t\t\t\t<div class=\"elementor-widget-container\">\n\t\t\t\t\t\t\t\t\t<h4 style=\"text-align: center;\"><strong>E-MA\u0130L<\/strong><\/h4><p style=\"text-align: center;\"><span style=\"color: #fa036b; font-family: Jost, sans-serif; font-size: 25px; text-align: center; white-space-collapse: preserve;\">info@secretfloor.com.tr<\/span><br style=\"color: #fa036b; font-family: Jost, sans-serif; font-size: 25px; text-align: center; white-space-collapse: preserve;\" \/><span style=\"color: #fa036b; font-family: Jost, sans-serif; font-size: 25px; text-align: center; white-space-collapse: preserve;\">ali@secretfloor.com.tr<\/span><\/p>\t\t\t\t\t\t\t\t<\/div>\n\t\t\t\t<\/div>\n\t\t\t\t\t<\/div>\n\t\t\t\t<\/div>\n\t\t<div class=\"elementor-element elementor-element-0a58b07 e-flex e-con-boxed e-con e-parent\" data-id=\"0a58b07\" data-element_type=\"container\">\n\t\t\t\t\t<div class=\"e-con-inner\">\n\t\t\t\t<div class=\"elementor-element elementor-element-5d533d1 elementor-widget elementor-widget-text-editor\" data-id=\"5d533d1\" data-element_type=\"widget\" data-widget_type=\"text-editor.default\">\n\t\t\t\t<div class=\"elementor-widget-container\">\n\t\t\t\t\t\t\t\t\t<h3 style=\"text-align: center;\">TELEFON<\/h3><p style=\"text-align: center;\"><span style=\"color: #fa036b; font-family: Jost, sans-serif; font-size: 25px; text-align: center; white-space-collapse: preserve;\">+90 533-053-2885<\/span><\/p>\t\t\t\t\t\t\t\t<\/div>\n\t\t\t\t<\/div>\n\t\t\t\t\t<\/div>\n\t\t\t\t<\/div>\n\t\t<div class=\"elementor-element elementor-element-d6549aa e-flex e-con-boxed e-con e-parent\" data-id=\"d6549aa\" data-element_type=\"container\">\n\t\t\t\t\t<div class=\"e-con-inner\">\n\t\t\t\t<div class=\"elementor-element elementor-element-6e0767d elementor-widget elementor-widget-text-editor\" data-id=\"6e0767d\" data-element_type=\"widget\" data-widget_type=\"text-editor.default\">\n\t\t\t\t<div class=\"elementor-widget-container\">\n\t\t\t\t\t\t\t\t\t<h3 style=\"text-align: center;\">ADRES<\/h3><p style=\"text-align: center;\"><span style=\"color: #fa036b; font-family: Jost, sans-serif; font-size: 25px; text-align: center; white-space-collapse: preserve;\">Geri Kazan\u0131mc\u0131lar Sitesi,<\/span><\/p><p style=\"text-align: center;\"><span style=\"color: #fa036b; font-family: Jost, sans-serif; font-size: 25px; text-align: center; white-space-collapse: preserve;\">Bornova\/\u0130ZM\u0130R<\/span><\/p>\t\t\t\t\t\t\t\t<\/div>\n\t\t\t\t<\/div>\n\t\t\t\t\t<\/div>\n\t\t\t\t<\/div>\n\t\t<div class=\"elementor-element elementor-element-e2142fb e-flex e-con-boxed e-con e-parent\" data-id=\"e2142fb\" data-element_type=\"container\">\n\t\t\t\t\t<div class=\"e-con-inner\">\n\t\t\t\t<div class=\"elementor-element elementor-element-1d1753e elementor-widget-divider--view-line_text elementor-widget-divider--element-align-center elementor-widget elementor-widget-divider\" data-id=\"1d1753e\" data-element_type=\"widget\" data-widget_type=\"divider.default\">\n\t\t\t\t<div class=\"elementor-widget-container\">\n\t\t\t\t\t\t\t<div class=\"elementor-divider\">\n\t\t\t<span class=\"elementor-divider-separator\">\n\t\t\t\t\t\t\t<span class=\"elementor-divider__text elementor-divider__element\">\n\t\t\t\tSecretFloor Hizmet Y\u00f6netimi\t\t\t\t<\/span>\n\t\t\t\t\t\t<\/span>\n\t\t<\/div>\n\t\t\t\t\t\t<\/div>\n\t\t\t\t<\/div>\n\t\t\t\t\t<\/div>\n\t\t\t\t<\/div>\n\t\t<div class=\"elementor-element elementor-element-a9dafea e-flex e-con-boxed e-con e-parent\" data-id=\"a9dafea\" data-element_type=\"container\">\n\t\t\t\t\t<div class=\"e-con-inner\">\n\t\t\t\t<div class=\"elementor-element elementor-element-61e7c50 elementor-widget elementor-widget-google_maps\" data-id=\"61e7c50\" data-element_type=\"widget\" data-widget_type=\"google_maps.default\">\n\t\t\t\t<div class=\"elementor-widget-container\">\n\t\t\t\t\t\t\t<div class=\"elementor-custom-embed\">\n\t\t\t<iframe loading=\"lazy\"\n\t\t\t\t\tsrc=\"https:\/\/maps.google.com\/maps?q=bornova%20izmir&#038;t=m&#038;z=10&#038;output=embed&#038;iwloc=near\"\n\t\t\t\t\ttitle=\"bornova izmir\"\n\t\t\t\t\taria-label=\"bornova izmir\"\n\t\t\t><\/iframe>\n\t\t<\/div>\n\t\t\t\t\t\t<\/div>\n\t\t\t\t<\/div>\n\t\t\t\t\t<\/div>\n\t\t\t\t<\/div>\n\t\t\t\t<\/div>\n\t\t","protected":false},"excerpt":{"rendered":"<p>SecretFloor B\u0130ZE ULA\u015eIN E-MA\u0130L info@secretfloor.com.trali@secretfloor.com.tr TELEFON +90 533-053-2885 ADRES Geri Kazan\u0131mc\u0131lar Sitesi, Bornova\/\u0130ZM\u0130R SecretFloor Hizmet Y\u00f6netimi<\/p>\n","protected":false},"author":1,"featured_media":0,"parent":0,"menu_order":0,"comment_status":"closed","ping_status":"closed","template":"","meta":{"site-sidebar-layout":"no-sidebar","site-content-layout":"page-builder","ast-site-content-layout":"full-width-container","site-content-style":"default","site-sidebar-style":"default","ast-global-header-display":"","ast-banner-title-visibility":"","ast-main-header-display":"","ast-hfb-above-header-display":"","ast-hfb-below-header-display":"","ast-hfb-mobile-header-display":"","site-post-title":"disabled","ast-breadcrumbs-content":"","ast-featured-img":"disabled","footer-sml-layout":"","theme-transparent-header-meta":"","adv-header-id-meta":"","stick-header-meta":"","header-above-stick-meta":"","header-main-stick-meta":"","header-below-stick-meta":"","astra-migrate-meta-layouts":"set","footnotes":""},"class_list":["post-2329","page","type-page","status-publish","hentry"],"_links":{"self":[{"href":"https:\/\/izmirkaravantuvalet.com\/index.php\/wp-json\/wp\/v2\/pages\/2329","targetHints":{"allow":["GET"]}}],"collection":[{"href":"https:\/\/izmirkaravantuvalet.com\/index.php\/wp-json\/wp\/v2\/pages"}],"about":[{"href":"https:\/\/izmirkaravantuvalet.com\/index.php\/wp-json\/wp\/v2\/types\/page"}],"author":[{"embeddable":true,"href":"https:\/\/izmirkaravantuvalet.com\/index.php\/wp-json\/wp\/v2\/users\/1"}],"replies":[{"embeddable":true,"href":"https:\/\/izmirkaravantuvalet.com\/index.php\/wp-json\/wp\/v2\/comments?post=2329"}],"version-history":[{"count":7,"href":"https:\/\/izmirkaravantuvalet.com\/index.php\/wp-json\/wp\/v2\/pages\/2329\/revisions"}],"predecessor-version":[{"id":2336,"href":"https:\/\/izmirkaravantuvalet.com\/index.php\/wp-json\/wp\/v2\/pages\/2329\/revisions\/2336"}],"wp:attachment":[{"href":"https:\/\/izmirkaravantuvalet.com\/index.php\/wp-json\/wp\/v2\/media?parent=2329"}],"curies":[{"name":"wp","href":"https:\/\/api.w.org\/{rel}","templated":true}]}}