{"id":2322,"date":"2023-10-22T17:57:08","date_gmt":"2023-10-22T14:57:08","guid":{"rendered":"https:\/\/izmirkaravantuvalet.com\/?page_id=2322"},"modified":"2023-10-22T18:01:15","modified_gmt":"2023-10-22T15:01:15","slug":"hakkimizda","status":"publish","type":"page","link":"https:\/\/izmirkaravantuvalet.com\/index.php\/hakkimizda\/","title":{"rendered":"HAKKIMIZDA"},"content":{"rendered":"\t\t<div data-elementor-type=\"wp-page\" data-elementor-id=\"2322\" class=\"elementor elementor-2322\">\n\t\t\t\t<div class=\"elementor-element elementor-element-14dfb24 e-flex e-con-boxed e-con e-parent\" data-id=\"14dfb24\" data-element_type=\"container\">\n\t\t\t\t\t<div class=\"e-con-inner\">\n\t\t\t\t<div class=\"elementor-element elementor-element-c5f3abc elementor-widget-divider--view-line_text elementor-widget-divider--element-align-center elementor-widget elementor-widget-divider\" data-id=\"c5f3abc\" data-element_type=\"widget\" data-widget_type=\"divider.default\">\n\t\t\t\t<div class=\"elementor-widget-container\">\n\t\t\t\t\t\t\t<div class=\"elementor-divider\">\n\t\t\t<span class=\"elementor-divider-separator\">\n\t\t\t\t\t\t\t<span class=\"elementor-divider__text elementor-divider__element\">\n\t\t\t\tSecretFloor Hizmet Y\u00f6netimi\t\t\t\t<\/span>\n\t\t\t\t\t\t<\/span>\n\t\t<\/div>\n\t\t\t\t\t\t<\/div>\n\t\t\t\t<\/div>\n\t\t\t\t\t<\/div>\n\t\t\t\t<\/div>\n\t\t<div class=\"elementor-element elementor-element-6764209 e-flex e-con-boxed e-con e-parent\" data-id=\"6764209\" data-element_type=\"container\">\n\t\t\t\t\t<div class=\"e-con-inner\">\n\t\t<div class=\"elementor-element elementor-element-7ec539b e-con-full e-flex e-con e-child\" data-id=\"7ec539b\" data-element_type=\"container\">\n\t\t\t\t<div class=\"elementor-element elementor-element-134e8b8 elementor-arrows-position-inside elementor-pagination-position-outside elementor-widget elementor-widget-image-carousel\" data-id=\"134e8b8\" data-element_type=\"widget\" data-settings=\"{&quot;navigation&quot;:&quot;both&quot;,&quot;autoplay&quot;:&quot;yes&quot;,&quot;pause_on_hover&quot;:&quot;yes&quot;,&quot;pause_on_interaction&quot;:&quot;yes&quot;,&quot;autoplay_speed&quot;:5000,&quot;infinite&quot;:&quot;yes&quot;,&quot;speed&quot;:500}\" data-widget_type=\"image-carousel.default\">\n\t\t\t\t<div class=\"elementor-widget-container\">\n\t\t\t\t\t\t\t<div class=\"elementor-image-carousel-wrapper swiper\" role=\"region\" aria-roledescription=\"carousel\" aria-label=\"Resim D\u00f6ng\u00fcs\u00fc\" dir=\"ltr\">\n\t\t\t<div class=\"elementor-image-carousel swiper-wrapper\" aria-live=\"off\">\n\t\t\t\t\t\t\t\t<div class=\"swiper-slide\" role=\"group\" aria-roledescription=\"slide\" aria-label=\"1 \/ 14\"><figure class=\"swiper-slide-inner\"><img decoding=\"async\" class=\"swiper-slide-image\" src=\"https:\/\/izmirkaravantuvalet.com\/wp-content\/uploads\/2023\/10\/WhatsApp-Image-2023-10-20-at-17.31.42-e1697985512143.jpeg\" alt=\"WhatsApp Image 2023-10-20 at 17.31.42\" \/><\/figure><\/div><div class=\"swiper-slide\" role=\"group\" aria-roledescription=\"slide\" aria-label=\"2 \/ 14\"><figure class=\"swiper-slide-inner\"><img decoding=\"async\" class=\"swiper-slide-image\" src=\"https:\/\/izmirkaravantuvalet.com\/wp-content\/uploads\/2023\/10\/WhatsApp-Image-2023-10-20-at-17.31.41.jpeg\" alt=\"WhatsApp Image 2023-10-20 at 17.31.41\" \/><\/figure><\/div><div class=\"swiper-slide\" role=\"group\" aria-roledescription=\"slide\" aria-label=\"3 \/ 14\"><figure class=\"swiper-slide-inner\"><img decoding=\"async\" class=\"swiper-slide-image\" src=\"https:\/\/izmirkaravantuvalet.com\/wp-content\/uploads\/2023\/10\/WhatsApp-Image-2023-10-20-at-12.34.12.jpeg\" alt=\"WhatsApp Image 2023-10-20 at 12.34.12\" \/><\/figure><\/div><div class=\"swiper-slide\" role=\"group\" aria-roledescription=\"slide\" aria-label=\"4 \/ 14\"><figure class=\"swiper-slide-inner\"><img decoding=\"async\" class=\"swiper-slide-image\" src=\"https:\/\/izmirkaravantuvalet.com\/wp-content\/uploads\/2023\/10\/WhatsApp-Image-2023-10-20-at-17.31.41-1.jpeg\" alt=\"WhatsApp Image 2023-10-20 at 17.31.41 (1)\" \/><\/figure><\/div><div class=\"swiper-slide\" role=\"group\" aria-roledescription=\"slide\" aria-label=\"5 \/ 14\"><figure class=\"swiper-slide-inner\"><img decoding=\"async\" class=\"swiper-slide-image\" src=\"https:\/\/izmirkaravantuvalet.com\/wp-content\/uploads\/2023\/10\/WhatsApp-Image-2023-10-20-at-12.34.12-1.jpeg\" alt=\"WhatsApp Image 2023-10-20 at 12.34.12 (1)\" \/><\/figure><\/div><div class=\"swiper-slide\" role=\"group\" aria-roledescription=\"slide\" aria-label=\"6 \/ 14\"><figure class=\"swiper-slide-inner\"><img decoding=\"async\" class=\"swiper-slide-image\" src=\"https:\/\/izmirkaravantuvalet.com\/wp-content\/uploads\/2023\/10\/WhatsApp-Image-2023-09-27-at-10.58.56.jpeg\" alt=\"WhatsApp Image 2023-09-27 at 10.58.56\" \/><\/figure><\/div><div class=\"swiper-slide\" role=\"group\" aria-roledescription=\"slide\" aria-label=\"7 \/ 14\"><figure class=\"swiper-slide-inner\"><img decoding=\"async\" class=\"swiper-slide-image\" src=\"https:\/\/izmirkaravantuvalet.com\/wp-content\/uploads\/2023\/10\/WhatsApp-Image-2023-09-27-at-10.58.56-1.jpeg\" alt=\"WhatsApp Image 2023-09-27 at 10.58.56 (1)\" \/><\/figure><\/div><div class=\"swiper-slide\" role=\"group\" aria-roledescription=\"slide\" aria-label=\"8 \/ 14\"><figure class=\"swiper-slide-inner\"><img decoding=\"async\" class=\"swiper-slide-image\" src=\"https:\/\/izmirkaravantuvalet.com\/wp-content\/uploads\/2023\/10\/WhatsApp-Image-2023-09-27-at-10.58.56-2.jpeg\" alt=\"WhatsApp Image 2023-09-27 at 10.58.56 (2)\" \/><\/figure><\/div><div class=\"swiper-slide\" role=\"group\" aria-roledescription=\"slide\" aria-label=\"9 \/ 14\"><figure class=\"swiper-slide-inner\"><img decoding=\"async\" class=\"swiper-slide-image\" src=\"https:\/\/izmirkaravantuvalet.com\/wp-content\/uploads\/2023\/10\/WhatsApp-Image-2023-09-27-at-10.58.57.jpeg\" alt=\"WhatsApp Image 2023-09-27 at 10.58.57\" \/><\/figure><\/div><div class=\"swiper-slide\" role=\"group\" aria-roledescription=\"slide\" aria-label=\"10 \/ 14\"><figure class=\"swiper-slide-inner\"><img decoding=\"async\" class=\"swiper-slide-image\" src=\"https:\/\/izmirkaravantuvalet.com\/wp-content\/uploads\/2023\/10\/WhatsApp-Image-2023-09-27-at-10.58.57-1.jpeg\" alt=\"WhatsApp Image 2023-09-27 at 10.58.57 (1)\" \/><\/figure><\/div><div class=\"swiper-slide\" role=\"group\" aria-roledescription=\"slide\" aria-label=\"11 \/ 14\"><figure class=\"swiper-slide-inner\"><img decoding=\"async\" class=\"swiper-slide-image\" src=\"https:\/\/izmirkaravantuvalet.com\/wp-content\/uploads\/2023\/10\/WhatsApp-Image-2023-09-27-at-10.58.57-2.jpeg\" alt=\"WhatsApp Image 2023-09-27 at 10.58.57 (2)\" \/><\/figure><\/div><div class=\"swiper-slide\" role=\"group\" aria-roledescription=\"slide\" aria-label=\"12 \/ 14\"><figure class=\"swiper-slide-inner\"><img decoding=\"async\" class=\"swiper-slide-image\" src=\"https:\/\/izmirkaravantuvalet.com\/wp-content\/uploads\/2023\/10\/WhatsApp-Image-2023-09-27-at-10.58.57-3.jpeg\" alt=\"WhatsApp Image 2023-09-27 at 10.58.57 (3)\" \/><\/figure><\/div><div class=\"swiper-slide\" role=\"group\" aria-roledescription=\"slide\" aria-label=\"13 \/ 14\"><figure class=\"swiper-slide-inner\"><img decoding=\"async\" class=\"swiper-slide-image\" src=\"https:\/\/izmirkaravantuvalet.com\/wp-content\/uploads\/2023\/10\/WhatsApp-Image-2023-09-20-at-19.06.10-1.jpeg\" alt=\"WhatsApp Image 2023-09-20 at 19.06.10 (1)\" \/><\/figure><\/div><div class=\"swiper-slide\" role=\"group\" aria-roledescription=\"slide\" aria-label=\"14 \/ 14\"><figure class=\"swiper-slide-inner\"><img decoding=\"async\" class=\"swiper-slide-image\" src=\"https:\/\/izmirkaravantuvalet.com\/wp-content\/uploads\/2023\/10\/WhatsApp-Image-2023-09-20-at-19.08.14.jpeg\" alt=\"WhatsApp Image 2023-09-20 at 19.08.14\" \/><\/figure><\/div>\t\t\t<\/div>\n\t\t\t\t\t\t\t\t\t\t\t\t<div class=\"elementor-swiper-button elementor-swiper-button-prev\" role=\"button\" tabindex=\"0\">\n\t\t\t\t\t\t<i aria-hidden=\"true\" class=\"eicon-chevron-left\"><\/i>\t\t\t\t\t<\/div>\n\t\t\t\t\t<div class=\"elementor-swiper-button elementor-swiper-button-next\" role=\"button\" tabindex=\"0\">\n\t\t\t\t\t\t<i aria-hidden=\"true\" class=\"eicon-chevron-right\"><\/i>\t\t\t\t\t<\/div>\n\t\t\t\t\n\t\t\t\t\t\t\t\t\t<div class=\"swiper-pagination\"><\/div>\n\t\t\t\t\t\t\t\t\t<\/div>\n\t\t\t\t\t\t<\/div>\n\t\t\t\t<\/div>\n\t\t\t\t<div class=\"elementor-element elementor-element-197819a elementor-widget-divider--view-line_icon elementor-view-default elementor-widget-divider--element-align-center elementor-widget elementor-widget-divider\" data-id=\"197819a\" data-element_type=\"widget\" data-widget_type=\"divider.default\">\n\t\t\t\t<div class=\"elementor-widget-container\">\n\t\t\t\t\t\t\t<div class=\"elementor-divider\">\n\t\t\t<span class=\"elementor-divider-separator\">\n\t\t\t\t\t\t\t<div class=\"elementor-icon elementor-divider__element\">\n\t\t\t\t\t<i aria-hidden=\"true\" class=\"fas fa-star-and-crescent\"><\/i><\/div>\n\t\t\t\t\t\t<\/span>\n\t\t<\/div>\n\t\t\t\t\t\t<\/div>\n\t\t\t\t<\/div>\n\t\t\t\t<div class=\"elementor-element elementor-element-1da780e elementor-icon-list--layout-traditional elementor-list-item-link-full_width elementor-widget elementor-widget-icon-list\" data-id=\"1da780e\" data-element_type=\"widget\" data-widget_type=\"icon-list.default\">\n\t\t\t\t<div class=\"elementor-widget-container\">\n\t\t\t\t\t\t\t<ul class=\"elementor-icon-list-items\">\n\t\t\t\t\t\t\t<li class=\"elementor-icon-list-item\">\n\t\t\t\t\t\t\t\t\t\t\t<span class=\"elementor-icon-list-icon\">\n\t\t\t\t\t\t\t<i aria-hidden=\"true\" class=\"fas fa-check\"><\/i>\t\t\t\t\t\t<\/span>\n\t\t\t\t\t\t\t\t\t\t<span class=\"elementor-icon-list-text\">D\u00dcR\u00dcSLT\u00dcK \u015eeffaf ve d\u00fcr\u00fcstl\u00fc\u011f\u00fc \u00f6n planda tutarak \u00e7al\u0131\u015fmak.<\/span>\n\t\t\t\t\t\t\t\t\t<\/li>\n\t\t\t\t\t\t\t\t<li class=\"elementor-icon-list-item\">\n\t\t\t\t\t\t\t\t\t\t\t<span class=\"elementor-icon-list-icon\">\n\t\t\t\t\t\t\t<i aria-hidden=\"true\" class=\"fab fa-canadian-maple-leaf\"><\/i>\t\t\t\t\t\t<\/span>\n\t\t\t\t\t\t\t\t\t\t<span class=\"elementor-icon-list-text\">TECR\u00dcBE \u0130\u015fimizin merkezinde her zaman siz vars\u0131n\u0131z.<\/span>\n\t\t\t\t\t\t\t\t\t<\/li>\n\t\t\t\t\t\t\t\t<li class=\"elementor-icon-list-item\">\n\t\t\t\t\t\t\t\t\t\t\t<span class=\"elementor-icon-list-icon\">\n\t\t\t\t\t\t\t<i aria-hidden=\"true\" class=\"fas fa-handshake\"><\/i>\t\t\t\t\t\t<\/span>\n\t\t\t\t\t\t\t\t\t\t<span class=\"elementor-icon-list-text\">G\u00dcVEN S\u00f6zle\u015fmelerimizin ve s\u00f6zlerimizin gerektirdi\u011fi taahh\u00fctlerin arkas\u0131nda durmak.<\/span>\n\t\t\t\t\t\t\t\t\t<\/li>\n\t\t\t\t\t\t<\/ul>\n\t\t\t\t\t\t<\/div>\n\t\t\t\t<\/div>\n\t\t\t\t<\/div>\n\t\t<div class=\"elementor-element elementor-element-0396303 e-con-full e-flex e-con e-child\" data-id=\"0396303\" data-element_type=\"container\">\n\t\t\t\t<div class=\"elementor-element elementor-element-c73ac3a elementor-widget elementor-widget-text-editor\" data-id=\"c73ac3a\" data-element_type=\"widget\" data-widget_type=\"text-editor.default\">\n\t\t\t\t<div class=\"elementor-widget-container\">\n\t\t\t\t\t\t\t\t\t<p><strong>Biz Kimiz ?<\/strong><\/p><p>Her ba\u015far\u0131l\u0131 i\u015fletme, bir hikayeden yola \u00e7\u0131kar. Bizim hikayemiz de tam olarak burada ba\u015flar \u2013 \u0130nsanlar, Tutku ve Yarat\u0131c\u0131l\u0131k.<\/p><p><strong>Tutkuyla Ba\u015flad\u0131k<\/strong><\/p><p>\u015eirketimiz, bir grup tutkulu profesyonel taraf\u0131ndan kuruldu. \u0130\u015fte ba\u015flamak i\u00e7in ihtiyac\u0131m\u0131z olan tek \u015feydi: Tutku. Tutku, her g\u00fcn i\u015fimize gitme sebebimizdi ve i\u015fimizin kalbinde yatan itici g\u00fc\u00e7t\u00fc. Tutkumuz, her projeye ve m\u00fc\u015fteriye adanm\u0131\u015fl\u0131\u011f\u0131m\u0131z\u0131n temelini olu\u015fturdu.<\/p><p><strong>De\u011ferlerimiz ve Misyonumuz<\/strong><\/p><p>Biz, i\u015fimizdeki de\u011ferlere ve misyona ba\u011fl\u0131l\u0131kla hareket ediyoruz. M\u00fc\u015fterilerimize m\u00fckemmel hizmet sunma taahh\u00fcd\u00fcm\u00fcz\u00fc ta\u015f\u0131yoruz. De\u011ferlerimiz d\u00fcr\u00fcstl\u00fck, \u015feffafl\u0131k, inovasyon ve s\u00fcrd\u00fcr\u00fclebilirlik etraf\u0131nda \u015fekillenir. Misyonumuz, m\u00fc\u015fterilerimize ihtiya\u00e7lar\u0131 olan \u00e7\u00f6z\u00fcmleri sunmak ve her zaman onlar\u0131n ba\u015far\u0131s\u0131n\u0131 \u00f6n planda tutmakt\u0131r.<\/p><p><strong>Sekt\u00f6rde \u0130z B\u0131rak\u0131yoruz<\/strong><\/p><p>Sekt\u00f6rdeki geli\u015fmeleri yak\u0131ndan takip ediyor ve en son teknoloji ve en iyi uygulamalar\u0131 benimsemeye odaklan\u0131yoruz. \u0130\u015fimizi s\u00fcrekli olarak geli\u015ftirmek ve m\u00fc\u015fterilerimize daha iyi hizmet sunmak i\u00e7in \u00e7aba harc\u0131yoruz. Bu \u00e7aba, i\u015fimizi daha etkili, verimli ve s\u00fcrd\u00fcr\u00fclebilir hale getirme yolunda bizi ileri ta\u015f\u0131yor.<\/p><p><strong>Sizin \u0130\u00e7in Buraday\u0131z<\/strong><\/p><p>M\u00fc\u015fterilerimize odakland\u0131k \u00e7\u00fcnk\u00fc sizin ba\u015far\u0131n\u0131z, bizim ba\u015far\u0131m\u0131zd\u0131r. Sizin hedefleriniz bizim hedeflerimizdir. Sizin i\u00e7in buraday\u0131z, sizi dinliyoruz ve ihtiya\u00e7lar\u0131n\u0131za \u00f6zel \u00e7\u00f6z\u00fcmler sunuyoruz. M\u00fc\u015fterilerimiz i\u00e7in de\u011fer yaratmay\u0131, uzun vadeli ili\u015fkiler kurmay\u0131 ve g\u00fcvenilir bir i\u015f orta\u011f\u0131 olmay\u0131 taahh\u00fct ediyoruz.<\/p><p><strong>Te\u015fekk\u00fcrler<\/strong><\/p><p>Son olarak, m\u00fc\u015fterilerimize, i\u015f ortaklar\u0131na ve ekibimize minnettar\u0131z. Siz olmadan, bu hikaye m\u00fcmk\u00fcn olmazd\u0131. \u0130lerleyen y\u0131llarda da sizi daha fazla ba\u015far\u0131 ve b\u00fcy\u00fcmeyle bulu\u015fturmay\u0131 d\u00f6rt g\u00f6zle bekliyoruz.<\/p><p>Biz, sizin i\u00e7in buraday\u0131z \u2013 i\u015fimizin merkezinde her zaman siz vars\u0131n\u0131z. Te\u015fekk\u00fcr ederiz, bizimle \u00e7al\u0131\u015ft\u0131\u011f\u0131n\u0131z i\u00e7in minnettar\u0131z.<\/p>\t\t\t\t\t\t\t\t<\/div>\n\t\t\t\t<\/div>\n\t\t\t\t<\/div>\n\t\t\t\t\t<\/div>\n\t\t\t\t<\/div>\n\t\t\t\t<\/div>\n\t\t","protected":false},"excerpt":{"rendered":"<p>SecretFloor Hizmet Y\u00f6netimi D\u00dcR\u00dcSLT\u00dcK \u015eeffaf ve d\u00fcr\u00fcstl\u00fc\u011f\u00fc \u00f6n planda tutarak \u00e7al\u0131\u015fmak. TECR\u00dcBE \u0130\u015fimizin merkezinde her zaman siz vars\u0131n\u0131z. G\u00dcVEN S\u00f6zle\u015fmelerimizin ve s\u00f6zlerimizin gerektirdi\u011fi taahh\u00fctlerin arkas\u0131nda durmak. Biz Kimiz ? Her ba\u015far\u0131l\u0131 i\u015fletme, bir hikayeden yola \u00e7\u0131kar. Bizim hikayemiz de tam olarak burada ba\u015flar \u2013 \u0130nsanlar, Tutku ve Yarat\u0131c\u0131l\u0131k. Tutkuyla Ba\u015flad\u0131k \u015eirketimiz, bir grup tutkulu profesyonel &hellip;<\/p>\n<p class=\"read-more\"> <a class=\"\" href=\"https:\/\/izmirkaravantuvalet.com\/index.php\/hakkimizda\/\"> <span class=\"screen-reader-text\">HAKKIMIZDA<\/span> Devam\u0131 &raquo;<\/a><\/p>\n","protected":false},"author":1,"featured_media":0,"parent":0,"menu_order":0,"comment_status":"closed","ping_status":"closed","template":"","meta":{"site-sidebar-layout":"no-sidebar","site-content-layout":"page-builder","ast-site-content-layout":"full-width-container","site-content-style":"default","site-sidebar-style":"default","ast-global-header-display":"","ast-banner-title-visibility":"","ast-main-header-display":"","ast-hfb-above-header-display":"","ast-hfb-below-header-display":"","ast-hfb-mobile-header-display":"","site-post-title":"disabled","ast-breadcrumbs-content":"","ast-featured-img":"disabled","footer-sml-layout":"","theme-transparent-header-meta":"","adv-header-id-meta":"","stick-header-meta":"","header-above-stick-meta":"","header-main-stick-meta":"","header-below-stick-meta":"","astra-migrate-meta-layouts":"set","footnotes":""},"class_list":["post-2322","page","type-page","status-publish","hentry"],"_links":{"self":[{"href":"https:\/\/izmirkaravantuvalet.com\/index.php\/wp-json\/wp\/v2\/pages\/2322","targetHints":{"allow":["GET"]}}],"collection":[{"href":"https:\/\/izmirkaravantuvalet.com\/index.php\/wp-json\/wp\/v2\/pages"}],"about":[{"href":"https:\/\/izmirkaravantuvalet.com\/index.php\/wp-json\/wp\/v2\/types\/page"}],"author":[{"embeddable":true,"href":"https:\/\/izmirkaravantuvalet.com\/index.php\/wp-json\/wp\/v2\/users\/1"}],"replies":[{"embeddable":true,"href":"https:\/\/izmirkaravantuvalet.com\/index.php\/wp-json\/wp\/v2\/comments?post=2322"}],"version-history":[{"count":4,"href":"https:\/\/izmirkaravantuvalet.com\/index.php\/wp-json\/wp\/v2\/pages\/2322\/revisions"}],"predecessor-version":[{"id":2326,"href":"https:\/\/izmirkaravantuvalet.com\/index.php\/wp-json\/wp\/v2\/pages\/2322\/revisions\/2326"}],"wp:attachment":[{"href":"https:\/\/izmirkaravantuvalet.com\/index.php\/wp-json\/wp\/v2\/media?parent=2322"}],"curies":[{"name":"wp","href":"https:\/\/api.w.org\/{rel}","templated":true}]}}